{"id":14122,"date":"2019-11-25T12:41:34","date_gmt":"2019-11-25T11:41:34","guid":{"rendered":"https:\/\/staging.innovatest-europe.com\/pruefverfahren\/testing-methods-vickers\/"},"modified":"2022-07-11T10:09:07","modified_gmt":"2022-07-11T08:09:07","slug":"vickers","status":"publish","type":"page","link":"https:\/\/staging.innovatest-europe.com\/de\/vickers\/","title":{"rendered":"Vickers H\u00e4rtepr\u00fcfmaschine"},"content":{"rendered":"","protected":false},"excerpt":{"rendered":"","protected":false},"author":7,"featured_media":0,"parent":0,"menu_order":78,"comment_status":"closed","ping_status":"closed","template":"","meta":{"_acf_changed":false,"footnotes":""},"class_list":["post-14122","page","type-page","status-publish","hentry"],"acf":[],"yoast_head":"<!-- This site is optimized with the Yoast SEO plugin v27.0 - https:\/\/yoast.com\/product\/yoast-seo-wordpress\/ -->\n<title>Vickers H\u00e4rtepr\u00fcfmaschine - INNOVATEST<\/title>\n<meta name=\"description\" content=\"Die Vickers H\u00e4rtepr\u00fcfmaschine verwendet ein Verfahren, das zur Messung der H\u00e4rte von Materialien entwickelt wurde. Sehen Sie sich Innovatests angebote.\" \/>\n<meta name=\"robots\" content=\"noindex, follow, max-snippet:-1, max-image-preview:large, max-video-preview:-1\" \/>\n<meta property=\"og:locale\" content=\"de_DE\" \/>\n<meta property=\"og:type\" content=\"article\" \/>\n<meta property=\"og:title\" content=\"Vickers H\u00e4rtepr\u00fcfmaschine - INNOVATEST\" \/>\n<meta property=\"og:description\" content=\"Die Vickers H\u00e4rtepr\u00fcfmaschine verwendet ein Verfahren, das zur Messung der H\u00e4rte von Materialien entwickelt wurde. Sehen Sie sich Innovatests angebote.\" \/>\n<meta property=\"og:url\" content=\"https:\/\/staging.innovatest-europe.com\/de\/vickers\/\" \/>\n<meta property=\"og:site_name\" content=\"INNOVATEST\" \/>\n<meta property=\"article:modified_time\" content=\"2022-07-11T08:09:07+00:00\" \/>\n<meta name=\"twitter:card\" content=\"summary_large_image\" \/>\n<script type=\"application\/ld+json\" class=\"yoast-schema-graph\">{\"@context\":\"https:\/\/schema.org\",\"@graph\":[{\"@type\":\"WebPage\",\"@id\":\"https:\/\/staging.innovatest-europe.com\/de\/vickers\/\",\"url\":\"https:\/\/staging.innovatest-europe.com\/de\/vickers\/\",\"name\":\"Vickers H\u00e4rtepr\u00fcfmaschine - INNOVATEST\",\"isPartOf\":{\"@id\":\"https:\/\/staging.innovatest-europe.com\/de\/#website\"},\"datePublished\":\"2019-11-25T11:41:34+00:00\",\"dateModified\":\"2022-07-11T08:09:07+00:00\",\"description\":\"Die Vickers H\u00e4rtepr\u00fcfmaschine verwendet ein Verfahren, das zur Messung der H\u00e4rte von Materialien entwickelt wurde. Sehen Sie sich Innovatests angebote.\",\"breadcrumb\":{\"@id\":\"https:\/\/staging.innovatest-europe.com\/de\/vickers\/#breadcrumb\"},\"inLanguage\":\"de\",\"potentialAction\":[{\"@type\":\"ReadAction\",\"target\":[\"https:\/\/staging.innovatest-europe.com\/de\/vickers\/\"]}]},{\"@type\":\"BreadcrumbList\",\"@id\":\"https:\/\/staging.innovatest-europe.com\/de\/vickers\/#breadcrumb\",\"itemListElement\":[{\"@type\":\"ListItem\",\"position\":1,\"name\":\"Home\",\"item\":\"https:\/\/www.innovatest-europe.com\/de\/\"},{\"@type\":\"ListItem\",\"position\":2,\"name\":\"Vickers H\u00e4rtepr\u00fcfmaschine\"}]},{\"@type\":\"WebSite\",\"@id\":\"https:\/\/staging.innovatest-europe.com\/de\/#website\",\"url\":\"https:\/\/staging.innovatest-europe.com\/de\/\",\"name\":\"INNOVATEST\",\"description\":\"\",\"potentialAction\":[{\"@type\":\"SearchAction\",\"target\":{\"@type\":\"EntryPoint\",\"urlTemplate\":\"https:\/\/staging.innovatest-europe.com\/de\/?s={search_term_string}\"},\"query-input\":{\"@type\":\"PropertyValueSpecification\",\"valueRequired\":true,\"valueName\":\"search_term_string\"}}],\"inLanguage\":\"de\"}]}<\/script>\n<!-- \/ Yoast SEO plugin. -->","yoast_head_json":{"title":"Vickers H\u00e4rtepr\u00fcfmaschine - INNOVATEST","description":"Die Vickers H\u00e4rtepr\u00fcfmaschine verwendet ein Verfahren, das zur Messung der H\u00e4rte von Materialien entwickelt wurde. Sehen Sie sich Innovatests angebote.","robots":{"index":"noindex","follow":"follow","max-snippet":"max-snippet:-1","max-image-preview":"max-image-preview:large","max-video-preview":"max-video-preview:-1"},"og_locale":"de_DE","og_type":"article","og_title":"Vickers H\u00e4rtepr\u00fcfmaschine - INNOVATEST","og_description":"Die Vickers H\u00e4rtepr\u00fcfmaschine verwendet ein Verfahren, das zur Messung der H\u00e4rte von Materialien entwickelt wurde. Sehen Sie sich Innovatests angebote.","og_url":"https:\/\/staging.innovatest-europe.com\/de\/vickers\/","og_site_name":"INNOVATEST","article_modified_time":"2022-07-11T08:09:07+00:00","twitter_card":"summary_large_image","schema":{"@context":"https:\/\/schema.org","@graph":[{"@type":"WebPage","@id":"https:\/\/staging.innovatest-europe.com\/de\/vickers\/","url":"https:\/\/staging.innovatest-europe.com\/de\/vickers\/","name":"Vickers H\u00e4rtepr\u00fcfmaschine - INNOVATEST","isPartOf":{"@id":"https:\/\/staging.innovatest-europe.com\/de\/#website"},"datePublished":"2019-11-25T11:41:34+00:00","dateModified":"2022-07-11T08:09:07+00:00","description":"Die Vickers H\u00e4rtepr\u00fcfmaschine verwendet ein Verfahren, das zur Messung der H\u00e4rte von Materialien entwickelt wurde. Sehen Sie sich Innovatests angebote.","breadcrumb":{"@id":"https:\/\/staging.innovatest-europe.com\/de\/vickers\/#breadcrumb"},"inLanguage":"de","potentialAction":[{"@type":"ReadAction","target":["https:\/\/staging.innovatest-europe.com\/de\/vickers\/"]}]},{"@type":"BreadcrumbList","@id":"https:\/\/staging.innovatest-europe.com\/de\/vickers\/#breadcrumb","itemListElement":[{"@type":"ListItem","position":1,"name":"Home","item":"https:\/\/www.innovatest-europe.com\/de\/"},{"@type":"ListItem","position":2,"name":"Vickers H\u00e4rtepr\u00fcfmaschine"}]},{"@type":"WebSite","@id":"https:\/\/staging.innovatest-europe.com\/de\/#website","url":"https:\/\/staging.innovatest-europe.com\/de\/","name":"INNOVATEST","description":"","potentialAction":[{"@type":"SearchAction","target":{"@type":"EntryPoint","urlTemplate":"https:\/\/staging.innovatest-europe.com\/de\/?s={search_term_string}"},"query-input":{"@type":"PropertyValueSpecification","valueRequired":true,"valueName":"search_term_string"}}],"inLanguage":"de"}]}},"_links":{"self":[{"href":"https:\/\/staging.innovatest-europe.com\/de\/wp-json\/wp\/v2\/pages\/14122","targetHints":{"allow":["GET"]}}],"collection":[{"href":"https:\/\/staging.innovatest-europe.com\/de\/wp-json\/wp\/v2\/pages"}],"about":[{"href":"https:\/\/staging.innovatest-europe.com\/de\/wp-json\/wp\/v2\/types\/page"}],"author":[{"embeddable":true,"href":"https:\/\/staging.innovatest-europe.com\/de\/wp-json\/wp\/v2\/users\/7"}],"replies":[{"embeddable":true,"href":"https:\/\/staging.innovatest-europe.com\/de\/wp-json\/wp\/v2\/comments?post=14122"}],"version-history":[{"count":20,"href":"https:\/\/staging.innovatest-europe.com\/de\/wp-json\/wp\/v2\/pages\/14122\/revisions"}],"predecessor-version":[{"id":133207,"href":"https:\/\/staging.innovatest-europe.com\/de\/wp-json\/wp\/v2\/pages\/14122\/revisions\/133207"}],"wp:attachment":[{"href":"https:\/\/staging.innovatest-europe.com\/de\/wp-json\/wp\/v2\/media?parent=14122"}],"curies":[{"name":"wp","href":"https:\/\/api.w.org\/{rel}","templated":true}]}}