{"id":49422,"date":"2018-12-19T15:31:24","date_gmt":"2018-12-19T14:31:24","guid":{"rendered":"https:\/\/staging.innovatest-europe.com\/home\/"},"modified":"2024-05-02T16:46:07","modified_gmt":"2024-05-02T14:46:07","slug":"home","status":"publish","type":"page","link":"https:\/\/staging.innovatest-europe.com\/es\/","title":{"rendered":"Dur\u00f3metros"},"content":{"rendered":"","protected":false},"excerpt":{"rendered":"","protected":false},"author":3,"featured_media":0,"parent":0,"menu_order":63,"comment_status":"closed","ping_status":"closed","template":"","meta":{"_acf_changed":false,"footnotes":""},"class_list":["post-49422","page","type-page","status-publish","hentry"],"acf":[],"yoast_head":"<!-- This site is optimized with the Yoast SEO plugin v27.0 - https:\/\/yoast.com\/product\/yoast-seo-wordpress\/ -->\n<title>Dur\u00f3metros | Equipo avanzado | INNOVATEST<\/title>\n<meta name=\"description\" content=\"Innovatest desarrolla y produce durometros para pruebas para determinar la dureza de componentes de metal y pl\u00e1stico. Leer m\u00e1s sobre dur\u00f3metros.\" \/>\n<meta name=\"robots\" content=\"noindex, follow, max-snippet:-1, max-image-preview:large, max-video-preview:-1\" \/>\n<meta property=\"og:locale\" content=\"es_ES\" \/>\n<meta property=\"og:type\" content=\"article\" \/>\n<meta property=\"og:title\" content=\"Dur\u00f3metros | Equipo avanzado | INNOVATEST\" \/>\n<meta property=\"og:description\" content=\"Innovatest desarrolla y produce durometros para pruebas para determinar la dureza de componentes de metal y pl\u00e1stico. Leer m\u00e1s sobre dur\u00f3metros.\" \/>\n<meta property=\"og:url\" content=\"https:\/\/staging.innovatest-europe.com\/es\/\" \/>\n<meta property=\"og:site_name\" content=\"INNOVATEST\" \/>\n<meta property=\"article:modified_time\" content=\"2024-05-02T14:46:07+00:00\" \/>\n<meta name=\"twitter:card\" content=\"summary_large_image\" \/>\n<meta name=\"twitter:label1\" content=\"Tiempo de lectura\" \/>\n\t<meta name=\"twitter:data1\" content=\"7 minutos\" \/>\n<script type=\"application\/ld+json\" class=\"yoast-schema-graph\">{\"@context\":\"https:\/\/schema.org\",\"@graph\":[{\"@type\":\"WebPage\",\"@id\":\"https:\/\/staging.innovatest-europe.com\/es\/\",\"url\":\"https:\/\/staging.innovatest-europe.com\/es\/\",\"name\":\"Dur\u00f3metros | Equipo avanzado | INNOVATEST\",\"isPartOf\":{\"@id\":\"https:\/\/staging.innovatest-europe.com\/es\/#website\"},\"datePublished\":\"2018-12-19T14:31:24+00:00\",\"dateModified\":\"2024-05-02T14:46:07+00:00\",\"description\":\"Innovatest desarrolla y produce durometros para pruebas para determinar la dureza de componentes de metal y pl\u00e1stico. Leer m\u00e1s sobre dur\u00f3metros.\",\"breadcrumb\":{\"@id\":\"https:\/\/staging.innovatest-europe.com\/es\/#breadcrumb\"},\"inLanguage\":\"es\",\"potentialAction\":[{\"@type\":\"ReadAction\",\"target\":[\"https:\/\/staging.innovatest-europe.com\/es\/\"]}]},{\"@type\":\"BreadcrumbList\",\"@id\":\"https:\/\/staging.innovatest-europe.com\/es\/#breadcrumb\",\"itemListElement\":[{\"@type\":\"ListItem\",\"position\":1,\"name\":\"Home\",\"item\":\"https:\/\/www.innovatest-europe.com\/es\/\"},{\"@type\":\"ListItem\",\"position\":2,\"name\":\"Dur\u00f3metros\"}]},{\"@type\":\"WebSite\",\"@id\":\"https:\/\/staging.innovatest-europe.com\/es\/#website\",\"url\":\"https:\/\/staging.innovatest-europe.com\/es\/\",\"name\":\"INNOVATEST\",\"description\":\"\",\"potentialAction\":[{\"@type\":\"SearchAction\",\"target\":{\"@type\":\"EntryPoint\",\"urlTemplate\":\"https:\/\/staging.innovatest-europe.com\/es\/?s={search_term_string}\"},\"query-input\":{\"@type\":\"PropertyValueSpecification\",\"valueRequired\":true,\"valueName\":\"search_term_string\"}}],\"inLanguage\":\"es\"}]}<\/script>\n<!-- \/ Yoast SEO plugin. -->","yoast_head_json":{"title":"Dur\u00f3metros | Equipo avanzado | INNOVATEST","description":"Innovatest desarrolla y produce durometros para pruebas para determinar la dureza de componentes de metal y pl\u00e1stico. Leer m\u00e1s sobre dur\u00f3metros.","robots":{"index":"noindex","follow":"follow","max-snippet":"max-snippet:-1","max-image-preview":"max-image-preview:large","max-video-preview":"max-video-preview:-1"},"og_locale":"es_ES","og_type":"article","og_title":"Dur\u00f3metros | Equipo avanzado | INNOVATEST","og_description":"Innovatest desarrolla y produce durometros para pruebas para determinar la dureza de componentes de metal y pl\u00e1stico. Leer m\u00e1s sobre dur\u00f3metros.","og_url":"https:\/\/staging.innovatest-europe.com\/es\/","og_site_name":"INNOVATEST","article_modified_time":"2024-05-02T14:46:07+00:00","twitter_card":"summary_large_image","twitter_misc":{"Tiempo de lectura":"7 minutos"},"schema":{"@context":"https:\/\/schema.org","@graph":[{"@type":"WebPage","@id":"https:\/\/staging.innovatest-europe.com\/es\/","url":"https:\/\/staging.innovatest-europe.com\/es\/","name":"Dur\u00f3metros | Equipo avanzado | INNOVATEST","isPartOf":{"@id":"https:\/\/staging.innovatest-europe.com\/es\/#website"},"datePublished":"2018-12-19T14:31:24+00:00","dateModified":"2024-05-02T14:46:07+00:00","description":"Innovatest desarrolla y produce durometros para pruebas para determinar la dureza de componentes de metal y pl\u00e1stico. Leer m\u00e1s sobre dur\u00f3metros.","breadcrumb":{"@id":"https:\/\/staging.innovatest-europe.com\/es\/#breadcrumb"},"inLanguage":"es","potentialAction":[{"@type":"ReadAction","target":["https:\/\/staging.innovatest-europe.com\/es\/"]}]},{"@type":"BreadcrumbList","@id":"https:\/\/staging.innovatest-europe.com\/es\/#breadcrumb","itemListElement":[{"@type":"ListItem","position":1,"name":"Home","item":"https:\/\/www.innovatest-europe.com\/es\/"},{"@type":"ListItem","position":2,"name":"Dur\u00f3metros"}]},{"@type":"WebSite","@id":"https:\/\/staging.innovatest-europe.com\/es\/#website","url":"https:\/\/staging.innovatest-europe.com\/es\/","name":"INNOVATEST","description":"","potentialAction":[{"@type":"SearchAction","target":{"@type":"EntryPoint","urlTemplate":"https:\/\/staging.innovatest-europe.com\/es\/?s={search_term_string}"},"query-input":{"@type":"PropertyValueSpecification","valueRequired":true,"valueName":"search_term_string"}}],"inLanguage":"es"}]}},"_links":{"self":[{"href":"https:\/\/staging.innovatest-europe.com\/es\/wp-json\/wp\/v2\/pages\/49422","targetHints":{"allow":["GET"]}}],"collection":[{"href":"https:\/\/staging.innovatest-europe.com\/es\/wp-json\/wp\/v2\/pages"}],"about":[{"href":"https:\/\/staging.innovatest-europe.com\/es\/wp-json\/wp\/v2\/types\/page"}],"author":[{"embeddable":true,"href":"https:\/\/staging.innovatest-europe.com\/es\/wp-json\/wp\/v2\/users\/3"}],"replies":[{"embeddable":true,"href":"https:\/\/staging.innovatest-europe.com\/es\/wp-json\/wp\/v2\/comments?post=49422"}],"version-history":[{"count":66,"href":"https:\/\/staging.innovatest-europe.com\/es\/wp-json\/wp\/v2\/pages\/49422\/revisions"}],"predecessor-version":[{"id":206203,"href":"https:\/\/staging.innovatest-europe.com\/es\/wp-json\/wp\/v2\/pages\/49422\/revisions\/206203"}],"wp:attachment":[{"href":"https:\/\/staging.innovatest-europe.com\/es\/wp-json\/wp\/v2\/media?parent=49422"}],"curies":[{"name":"wp","href":"https:\/\/api.w.org\/{rel}","templated":true}]}}