{"id":77924,"date":"2018-12-19T15:31:24","date_gmt":"2018-12-19T14:31:24","guid":{"rendered":"https:\/\/staging.innovatest-europe.com\/home\/"},"modified":"2024-05-02T15:54:38","modified_gmt":"2024-05-02T13:54:38","slug":"home","status":"publish","type":"page","link":"https:\/\/staging.innovatest-europe.com\/fr\/","title":{"rendered":"Durom\u00e8tres"},"content":{"rendered":"","protected":false},"excerpt":{"rendered":"","protected":false},"author":3,"featured_media":0,"parent":0,"menu_order":63,"comment_status":"closed","ping_status":"closed","template":"","meta":{"_acf_changed":false,"footnotes":""},"class_list":["post-77924","page","type-page","status-publish","hentry"],"acf":[],"yoast_head":"<!-- This site is optimized with the Yoast SEO plugin v27.0 - https:\/\/yoast.com\/product\/yoast-seo-wordpress\/ -->\n<title>Durom\u00e8tres | Essai de duret\u00e9 avanc\u00e9 | INNOVATEST<\/title>\n<meta name=\"description\" content=\"INNOVATEST developpe et fabrique des durom\u00e8tres pour les essais afin de d\u00e9terminer la duret\u00e9 des composants m\u00e9talliques et plastiques. En savoir plus.\" \/>\n<meta name=\"robots\" content=\"noindex, follow, max-snippet:-1, max-image-preview:large, max-video-preview:-1\" \/>\n<meta property=\"og:locale\" content=\"fr_FR\" \/>\n<meta property=\"og:type\" content=\"article\" \/>\n<meta property=\"og:title\" content=\"Durom\u00e8tres | Essai de duret\u00e9 avanc\u00e9 | INNOVATEST\" \/>\n<meta property=\"og:description\" content=\"INNOVATEST developpe et fabrique des durom\u00e8tres pour les essais afin de d\u00e9terminer la duret\u00e9 des composants m\u00e9talliques et plastiques. En savoir plus.\" \/>\n<meta property=\"og:url\" content=\"https:\/\/staging.innovatest-europe.com\/fr\/\" \/>\n<meta property=\"og:site_name\" content=\"INNOVATEST\" \/>\n<meta property=\"article:modified_time\" content=\"2024-05-02T13:54:38+00:00\" \/>\n<meta name=\"twitter:card\" content=\"summary_large_image\" \/>\n<meta name=\"twitter:label1\" content=\"Dur\u00e9e de lecture estim\u00e9e\" \/>\n\t<meta name=\"twitter:data1\" content=\"7 minutes\" \/>\n<script type=\"application\/ld+json\" class=\"yoast-schema-graph\">{\"@context\":\"https:\/\/schema.org\",\"@graph\":[{\"@type\":\"WebPage\",\"@id\":\"https:\/\/staging.innovatest-europe.com\/fr\/\",\"url\":\"https:\/\/staging.innovatest-europe.com\/fr\/\",\"name\":\"Durom\u00e8tres | Essai de duret\u00e9 avanc\u00e9 | INNOVATEST\",\"isPartOf\":{\"@id\":\"https:\/\/staging.innovatest-europe.com\/fr\/#website\"},\"datePublished\":\"2018-12-19T14:31:24+00:00\",\"dateModified\":\"2024-05-02T13:54:38+00:00\",\"description\":\"INNOVATEST developpe et fabrique des durom\u00e8tres pour les essais afin de d\u00e9terminer la duret\u00e9 des composants m\u00e9talliques et plastiques. En savoir plus.\",\"breadcrumb\":{\"@id\":\"https:\/\/staging.innovatest-europe.com\/fr\/#breadcrumb\"},\"inLanguage\":\"fr-FR\",\"potentialAction\":[{\"@type\":\"ReadAction\",\"target\":[\"https:\/\/staging.innovatest-europe.com\/fr\/\"]}]},{\"@type\":\"BreadcrumbList\",\"@id\":\"https:\/\/staging.innovatest-europe.com\/fr\/#breadcrumb\",\"itemListElement\":[{\"@type\":\"ListItem\",\"position\":1,\"name\":\"Home\",\"item\":\"https:\/\/www.innovatest-europe.com\/fr\/\"},{\"@type\":\"ListItem\",\"position\":2,\"name\":\"Durom\u00e8tres\"}]},{\"@type\":\"WebSite\",\"@id\":\"https:\/\/staging.innovatest-europe.com\/fr\/#website\",\"url\":\"https:\/\/staging.innovatest-europe.com\/fr\/\",\"name\":\"INNOVATEST\",\"description\":\"\",\"potentialAction\":[{\"@type\":\"SearchAction\",\"target\":{\"@type\":\"EntryPoint\",\"urlTemplate\":\"https:\/\/staging.innovatest-europe.com\/fr\/?s={search_term_string}\"},\"query-input\":{\"@type\":\"PropertyValueSpecification\",\"valueRequired\":true,\"valueName\":\"search_term_string\"}}],\"inLanguage\":\"fr-FR\"}]}<\/script>\n<!-- \/ Yoast SEO plugin. -->","yoast_head_json":{"title":"Durom\u00e8tres | Essai de duret\u00e9 avanc\u00e9 | INNOVATEST","description":"INNOVATEST developpe et fabrique des durom\u00e8tres pour les essais afin de d\u00e9terminer la duret\u00e9 des composants m\u00e9talliques et plastiques. En savoir plus.","robots":{"index":"noindex","follow":"follow","max-snippet":"max-snippet:-1","max-image-preview":"max-image-preview:large","max-video-preview":"max-video-preview:-1"},"og_locale":"fr_FR","og_type":"article","og_title":"Durom\u00e8tres | Essai de duret\u00e9 avanc\u00e9 | INNOVATEST","og_description":"INNOVATEST developpe et fabrique des durom\u00e8tres pour les essais afin de d\u00e9terminer la duret\u00e9 des composants m\u00e9talliques et plastiques. En savoir plus.","og_url":"https:\/\/staging.innovatest-europe.com\/fr\/","og_site_name":"INNOVATEST","article_modified_time":"2024-05-02T13:54:38+00:00","twitter_card":"summary_large_image","twitter_misc":{"Dur\u00e9e de lecture estim\u00e9e":"7 minutes"},"schema":{"@context":"https:\/\/schema.org","@graph":[{"@type":"WebPage","@id":"https:\/\/staging.innovatest-europe.com\/fr\/","url":"https:\/\/staging.innovatest-europe.com\/fr\/","name":"Durom\u00e8tres | Essai de duret\u00e9 avanc\u00e9 | INNOVATEST","isPartOf":{"@id":"https:\/\/staging.innovatest-europe.com\/fr\/#website"},"datePublished":"2018-12-19T14:31:24+00:00","dateModified":"2024-05-02T13:54:38+00:00","description":"INNOVATEST developpe et fabrique des durom\u00e8tres pour les essais afin de d\u00e9terminer la duret\u00e9 des composants m\u00e9talliques et plastiques. En savoir plus.","breadcrumb":{"@id":"https:\/\/staging.innovatest-europe.com\/fr\/#breadcrumb"},"inLanguage":"fr-FR","potentialAction":[{"@type":"ReadAction","target":["https:\/\/staging.innovatest-europe.com\/fr\/"]}]},{"@type":"BreadcrumbList","@id":"https:\/\/staging.innovatest-europe.com\/fr\/#breadcrumb","itemListElement":[{"@type":"ListItem","position":1,"name":"Home","item":"https:\/\/www.innovatest-europe.com\/fr\/"},{"@type":"ListItem","position":2,"name":"Durom\u00e8tres"}]},{"@type":"WebSite","@id":"https:\/\/staging.innovatest-europe.com\/fr\/#website","url":"https:\/\/staging.innovatest-europe.com\/fr\/","name":"INNOVATEST","description":"","potentialAction":[{"@type":"SearchAction","target":{"@type":"EntryPoint","urlTemplate":"https:\/\/staging.innovatest-europe.com\/fr\/?s={search_term_string}"},"query-input":{"@type":"PropertyValueSpecification","valueRequired":true,"valueName":"search_term_string"}}],"inLanguage":"fr-FR"}]}},"_links":{"self":[{"href":"https:\/\/staging.innovatest-europe.com\/fr\/wp-json\/wp\/v2\/pages\/77924","targetHints":{"allow":["GET"]}}],"collection":[{"href":"https:\/\/staging.innovatest-europe.com\/fr\/wp-json\/wp\/v2\/pages"}],"about":[{"href":"https:\/\/staging.innovatest-europe.com\/fr\/wp-json\/wp\/v2\/types\/page"}],"author":[{"embeddable":true,"href":"https:\/\/staging.innovatest-europe.com\/fr\/wp-json\/wp\/v2\/users\/3"}],"replies":[{"embeddable":true,"href":"https:\/\/staging.innovatest-europe.com\/fr\/wp-json\/wp\/v2\/comments?post=77924"}],"version-history":[{"count":76,"href":"https:\/\/staging.innovatest-europe.com\/fr\/wp-json\/wp\/v2\/pages\/77924\/revisions"}],"predecessor-version":[{"id":206145,"href":"https:\/\/staging.innovatest-europe.com\/fr\/wp-json\/wp\/v2\/pages\/77924\/revisions\/206145"}],"wp:attachment":[{"href":"https:\/\/staging.innovatest-europe.com\/fr\/wp-json\/wp\/v2\/media?parent=77924"}],"curies":[{"name":"wp","href":"https:\/\/api.w.org\/{rel}","templated":true}]}}