{"id":88027,"date":"2020-03-24T11:52:52","date_gmt":"2020-03-24T10:52:52","guid":{"rendered":"https:\/\/staging.innovatest-europe.com\/technology\/"},"modified":"2021-02-26T11:34:44","modified_gmt":"2021-02-26T10:34:44","slug":"technologie","status":"publish","type":"page","link":"https:\/\/staging.innovatest-europe.com\/fr\/technologie\/","title":{"rendered":"Technologie"},"content":{"rendered":"","protected":false},"excerpt":{"rendered":"","protected":false},"author":5,"featured_media":0,"parent":0,"menu_order":204,"comment_status":"closed","ping_status":"closed","template":"","meta":{"_acf_changed":false,"footnotes":""},"class_list":["post-88027","page","type-page","status-publish","hentry"],"acf":[],"yoast_head":"<!-- This site is optimized with the Yoast SEO plugin v27.0 - https:\/\/yoast.com\/product\/yoast-seo-wordpress\/ -->\n<title>Technologie - INNOVATEST<\/title>\n<meta name=\"description\" content=\"INNOVATEST con\u00e7oit et fabrique principalement des machines d\u2019essai de duret\u00e9 en boucle ferm\u00e9e avec cellule de charge. Pour bien comprendre les atouts majeurs des syst\u00e8mes en boucle ferm\u00e9e par rapport aux syst\u00e8mes \u00e0 poids mort, il convient de saisir la diff\u00e9rence existant entre les deux cat\u00e9gories.\" \/>\n<meta name=\"robots\" content=\"noindex, nofollow\" \/>\n<meta property=\"og:locale\" content=\"fr_FR\" \/>\n<meta property=\"og:type\" content=\"article\" \/>\n<meta property=\"og:title\" content=\"Technologie - INNOVATEST\" \/>\n<meta property=\"og:description\" content=\"INNOVATEST con\u00e7oit et fabrique principalement des machines d\u2019essai de duret\u00e9 en boucle ferm\u00e9e avec cellule de charge. Pour bien comprendre les atouts majeurs des syst\u00e8mes en boucle ferm\u00e9e par rapport aux syst\u00e8mes \u00e0 poids mort, il convient de saisir la diff\u00e9rence existant entre les deux cat\u00e9gories.\" \/>\n<meta property=\"og:url\" content=\"https:\/\/staging.innovatest-europe.com\/fr\/technologie\/\" \/>\n<meta property=\"og:site_name\" content=\"INNOVATEST\" \/>\n<meta property=\"article:modified_time\" content=\"2021-02-26T10:34:44+00:00\" \/>\n<meta name=\"twitter:card\" content=\"summary_large_image\" \/>\n<script type=\"application\/ld+json\" class=\"yoast-schema-graph\">{\"@context\":\"https:\/\/schema.org\",\"@graph\":[{\"@type\":\"WebPage\",\"@id\":\"https:\/\/staging.innovatest-europe.com\/fr\/technologie\/\",\"url\":\"https:\/\/staging.innovatest-europe.com\/fr\/technologie\/\",\"name\":\"Technologie - INNOVATEST\",\"isPartOf\":{\"@id\":\"https:\/\/staging.innovatest-europe.com\/fr\/#website\"},\"datePublished\":\"2020-03-24T10:52:52+00:00\",\"dateModified\":\"2021-02-26T10:34:44+00:00\",\"description\":\"INNOVATEST con\u00e7oit et fabrique principalement des machines d\u2019essai de duret\u00e9 en boucle ferm\u00e9e avec cellule de charge. Pour bien comprendre les atouts majeurs des syst\u00e8mes en boucle ferm\u00e9e par rapport aux syst\u00e8mes \u00e0 poids mort, il convient de saisir la diff\u00e9rence existant entre les deux cat\u00e9gories.\",\"breadcrumb\":{\"@id\":\"https:\/\/staging.innovatest-europe.com\/fr\/technologie\/#breadcrumb\"},\"inLanguage\":\"fr-FR\",\"potentialAction\":[{\"@type\":\"ReadAction\",\"target\":[\"https:\/\/staging.innovatest-europe.com\/fr\/technologie\/\"]}]},{\"@type\":\"BreadcrumbList\",\"@id\":\"https:\/\/staging.innovatest-europe.com\/fr\/technologie\/#breadcrumb\",\"itemListElement\":[{\"@type\":\"ListItem\",\"position\":1,\"name\":\"Home\",\"item\":\"https:\/\/www.innovatest-europe.com\/fr\/\"},{\"@type\":\"ListItem\",\"position\":2,\"name\":\"Technologie\"}]},{\"@type\":\"WebSite\",\"@id\":\"https:\/\/staging.innovatest-europe.com\/fr\/#website\",\"url\":\"https:\/\/staging.innovatest-europe.com\/fr\/\",\"name\":\"INNOVATEST\",\"description\":\"\",\"potentialAction\":[{\"@type\":\"SearchAction\",\"target\":{\"@type\":\"EntryPoint\",\"urlTemplate\":\"https:\/\/staging.innovatest-europe.com\/fr\/?s={search_term_string}\"},\"query-input\":{\"@type\":\"PropertyValueSpecification\",\"valueRequired\":true,\"valueName\":\"search_term_string\"}}],\"inLanguage\":\"fr-FR\"}]}<\/script>\n<!-- \/ Yoast SEO plugin. -->","yoast_head_json":{"title":"Technologie - INNOVATEST","description":"INNOVATEST con\u00e7oit et fabrique principalement des machines d\u2019essai de duret\u00e9 en boucle ferm\u00e9e avec cellule de charge. Pour bien comprendre les atouts majeurs des syst\u00e8mes en boucle ferm\u00e9e par rapport aux syst\u00e8mes \u00e0 poids mort, il convient de saisir la diff\u00e9rence existant entre les deux cat\u00e9gories.","robots":{"index":"noindex","follow":"nofollow"},"og_locale":"fr_FR","og_type":"article","og_title":"Technologie - INNOVATEST","og_description":"INNOVATEST con\u00e7oit et fabrique principalement des machines d\u2019essai de duret\u00e9 en boucle ferm\u00e9e avec cellule de charge. Pour bien comprendre les atouts majeurs des syst\u00e8mes en boucle ferm\u00e9e par rapport aux syst\u00e8mes \u00e0 poids mort, il convient de saisir la diff\u00e9rence existant entre les deux cat\u00e9gories.","og_url":"https:\/\/staging.innovatest-europe.com\/fr\/technologie\/","og_site_name":"INNOVATEST","article_modified_time":"2021-02-26T10:34:44+00:00","twitter_card":"summary_large_image","schema":{"@context":"https:\/\/schema.org","@graph":[{"@type":"WebPage","@id":"https:\/\/staging.innovatest-europe.com\/fr\/technologie\/","url":"https:\/\/staging.innovatest-europe.com\/fr\/technologie\/","name":"Technologie - INNOVATEST","isPartOf":{"@id":"https:\/\/staging.innovatest-europe.com\/fr\/#website"},"datePublished":"2020-03-24T10:52:52+00:00","dateModified":"2021-02-26T10:34:44+00:00","description":"INNOVATEST con\u00e7oit et fabrique principalement des machines d\u2019essai de duret\u00e9 en boucle ferm\u00e9e avec cellule de charge. Pour bien comprendre les atouts majeurs des syst\u00e8mes en boucle ferm\u00e9e par rapport aux syst\u00e8mes \u00e0 poids mort, il convient de saisir la diff\u00e9rence existant entre les deux cat\u00e9gories.","breadcrumb":{"@id":"https:\/\/staging.innovatest-europe.com\/fr\/technologie\/#breadcrumb"},"inLanguage":"fr-FR","potentialAction":[{"@type":"ReadAction","target":["https:\/\/staging.innovatest-europe.com\/fr\/technologie\/"]}]},{"@type":"BreadcrumbList","@id":"https:\/\/staging.innovatest-europe.com\/fr\/technologie\/#breadcrumb","itemListElement":[{"@type":"ListItem","position":1,"name":"Home","item":"https:\/\/www.innovatest-europe.com\/fr\/"},{"@type":"ListItem","position":2,"name":"Technologie"}]},{"@type":"WebSite","@id":"https:\/\/staging.innovatest-europe.com\/fr\/#website","url":"https:\/\/staging.innovatest-europe.com\/fr\/","name":"INNOVATEST","description":"","potentialAction":[{"@type":"SearchAction","target":{"@type":"EntryPoint","urlTemplate":"https:\/\/staging.innovatest-europe.com\/fr\/?s={search_term_string}"},"query-input":{"@type":"PropertyValueSpecification","valueRequired":true,"valueName":"search_term_string"}}],"inLanguage":"fr-FR"}]}},"_links":{"self":[{"href":"https:\/\/staging.innovatest-europe.com\/fr\/wp-json\/wp\/v2\/pages\/88027","targetHints":{"allow":["GET"]}}],"collection":[{"href":"https:\/\/staging.innovatest-europe.com\/fr\/wp-json\/wp\/v2\/pages"}],"about":[{"href":"https:\/\/staging.innovatest-europe.com\/fr\/wp-json\/wp\/v2\/types\/page"}],"author":[{"embeddable":true,"href":"https:\/\/staging.innovatest-europe.com\/fr\/wp-json\/wp\/v2\/users\/5"}],"replies":[{"embeddable":true,"href":"https:\/\/staging.innovatest-europe.com\/fr\/wp-json\/wp\/v2\/comments?post=88027"}],"version-history":[{"count":8,"href":"https:\/\/staging.innovatest-europe.com\/fr\/wp-json\/wp\/v2\/pages\/88027\/revisions"}],"predecessor-version":[{"id":88429,"href":"https:\/\/staging.innovatest-europe.com\/fr\/wp-json\/wp\/v2\/pages\/88027\/revisions\/88429"}],"wp:attachment":[{"href":"https:\/\/staging.innovatest-europe.com\/fr\/wp-json\/wp\/v2\/media?parent=88027"}],"curies":[{"name":"wp","href":"https:\/\/api.w.org\/{rel}","templated":true}]}}