{"id":88032,"date":"2019-11-25T13:40:08","date_gmt":"2019-11-25T12:40:08","guid":{"rendered":"https:\/\/staging.innovatest-europe.com\/knoop\/"},"modified":"2021-09-07T10:15:42","modified_gmt":"2021-09-07T08:15:42","slug":"knoop","status":"publish","type":"page","link":"https:\/\/staging.innovatest-europe.com\/fr\/knoop\/","title":{"rendered":"Durom\u00e8tre Knoop"},"content":{"rendered":"","protected":false},"excerpt":{"rendered":"","protected":false},"author":7,"featured_media":0,"parent":0,"menu_order":101,"comment_status":"closed","ping_status":"closed","template":"","meta":{"_acf_changed":false,"footnotes":""},"class_list":["post-88032","page","type-page","status-publish","hentry"],"acf":[],"yoast_head":"<!-- This site is optimized with the Yoast SEO plugin v27.0 - https:\/\/yoast.com\/product\/yoast-seo-wordpress\/ -->\n<title>Durom\u00e8tre Knoop - INNOVATEST<\/title>\n<meta name=\"description\" content=\"Le durom\u00e8tre Knoop est mieux adapt\u00e9 pour d\u00e9terminer les variations de duret\u00e9 sur de tr\u00e8s petites distances. En savoir plus durom\u00e8tres Innovatest.\" \/>\n<meta name=\"robots\" content=\"noindex, follow, max-snippet:-1, max-image-preview:large, max-video-preview:-1\" \/>\n<meta property=\"og:locale\" content=\"fr_FR\" \/>\n<meta property=\"og:type\" content=\"article\" \/>\n<meta property=\"og:title\" content=\"Durom\u00e8tre Knoop - INNOVATEST\" \/>\n<meta property=\"og:description\" content=\"Le durom\u00e8tre Knoop est mieux adapt\u00e9 pour d\u00e9terminer les variations de duret\u00e9 sur de tr\u00e8s petites distances. En savoir plus durom\u00e8tres Innovatest.\" \/>\n<meta property=\"og:url\" content=\"https:\/\/staging.innovatest-europe.com\/fr\/knoop\/\" \/>\n<meta property=\"og:site_name\" content=\"INNOVATEST\" \/>\n<meta property=\"article:modified_time\" content=\"2021-09-07T08:15:42+00:00\" \/>\n<meta name=\"twitter:card\" content=\"summary_large_image\" \/>\n<script type=\"application\/ld+json\" class=\"yoast-schema-graph\">{\"@context\":\"https:\/\/schema.org\",\"@graph\":[{\"@type\":\"WebPage\",\"@id\":\"https:\/\/staging.innovatest-europe.com\/fr\/knoop\/\",\"url\":\"https:\/\/staging.innovatest-europe.com\/fr\/knoop\/\",\"name\":\"Durom\u00e8tre Knoop - INNOVATEST\",\"isPartOf\":{\"@id\":\"https:\/\/staging.innovatest-europe.com\/fr\/#website\"},\"datePublished\":\"2019-11-25T12:40:08+00:00\",\"dateModified\":\"2021-09-07T08:15:42+00:00\",\"description\":\"Le durom\u00e8tre Knoop est mieux adapt\u00e9 pour d\u00e9terminer les variations de duret\u00e9 sur de tr\u00e8s petites distances. En savoir plus durom\u00e8tres Innovatest.\",\"breadcrumb\":{\"@id\":\"https:\/\/staging.innovatest-europe.com\/fr\/knoop\/#breadcrumb\"},\"inLanguage\":\"fr-FR\",\"potentialAction\":[{\"@type\":\"ReadAction\",\"target\":[\"https:\/\/staging.innovatest-europe.com\/fr\/knoop\/\"]}]},{\"@type\":\"BreadcrumbList\",\"@id\":\"https:\/\/staging.innovatest-europe.com\/fr\/knoop\/#breadcrumb\",\"itemListElement\":[{\"@type\":\"ListItem\",\"position\":1,\"name\":\"Home\",\"item\":\"https:\/\/www.innovatest-europe.com\/fr\/\"},{\"@type\":\"ListItem\",\"position\":2,\"name\":\"Durom\u00e8tre Knoop\"}]},{\"@type\":\"WebSite\",\"@id\":\"https:\/\/staging.innovatest-europe.com\/fr\/#website\",\"url\":\"https:\/\/staging.innovatest-europe.com\/fr\/\",\"name\":\"INNOVATEST\",\"description\":\"\",\"potentialAction\":[{\"@type\":\"SearchAction\",\"target\":{\"@type\":\"EntryPoint\",\"urlTemplate\":\"https:\/\/staging.innovatest-europe.com\/fr\/?s={search_term_string}\"},\"query-input\":{\"@type\":\"PropertyValueSpecification\",\"valueRequired\":true,\"valueName\":\"search_term_string\"}}],\"inLanguage\":\"fr-FR\"}]}<\/script>\n<!-- \/ Yoast SEO plugin. -->","yoast_head_json":{"title":"Durom\u00e8tre Knoop - INNOVATEST","description":"Le durom\u00e8tre Knoop est mieux adapt\u00e9 pour d\u00e9terminer les variations de duret\u00e9 sur de tr\u00e8s petites distances. En savoir plus durom\u00e8tres Innovatest.","robots":{"index":"noindex","follow":"follow","max-snippet":"max-snippet:-1","max-image-preview":"max-image-preview:large","max-video-preview":"max-video-preview:-1"},"og_locale":"fr_FR","og_type":"article","og_title":"Durom\u00e8tre Knoop - INNOVATEST","og_description":"Le durom\u00e8tre Knoop est mieux adapt\u00e9 pour d\u00e9terminer les variations de duret\u00e9 sur de tr\u00e8s petites distances. En savoir plus durom\u00e8tres Innovatest.","og_url":"https:\/\/staging.innovatest-europe.com\/fr\/knoop\/","og_site_name":"INNOVATEST","article_modified_time":"2021-09-07T08:15:42+00:00","twitter_card":"summary_large_image","schema":{"@context":"https:\/\/schema.org","@graph":[{"@type":"WebPage","@id":"https:\/\/staging.innovatest-europe.com\/fr\/knoop\/","url":"https:\/\/staging.innovatest-europe.com\/fr\/knoop\/","name":"Durom\u00e8tre Knoop - INNOVATEST","isPartOf":{"@id":"https:\/\/staging.innovatest-europe.com\/fr\/#website"},"datePublished":"2019-11-25T12:40:08+00:00","dateModified":"2021-09-07T08:15:42+00:00","description":"Le durom\u00e8tre Knoop est mieux adapt\u00e9 pour d\u00e9terminer les variations de duret\u00e9 sur de tr\u00e8s petites distances. En savoir plus durom\u00e8tres Innovatest.","breadcrumb":{"@id":"https:\/\/staging.innovatest-europe.com\/fr\/knoop\/#breadcrumb"},"inLanguage":"fr-FR","potentialAction":[{"@type":"ReadAction","target":["https:\/\/staging.innovatest-europe.com\/fr\/knoop\/"]}]},{"@type":"BreadcrumbList","@id":"https:\/\/staging.innovatest-europe.com\/fr\/knoop\/#breadcrumb","itemListElement":[{"@type":"ListItem","position":1,"name":"Home","item":"https:\/\/www.innovatest-europe.com\/fr\/"},{"@type":"ListItem","position":2,"name":"Durom\u00e8tre Knoop"}]},{"@type":"WebSite","@id":"https:\/\/staging.innovatest-europe.com\/fr\/#website","url":"https:\/\/staging.innovatest-europe.com\/fr\/","name":"INNOVATEST","description":"","potentialAction":[{"@type":"SearchAction","target":{"@type":"EntryPoint","urlTemplate":"https:\/\/staging.innovatest-europe.com\/fr\/?s={search_term_string}"},"query-input":{"@type":"PropertyValueSpecification","valueRequired":true,"valueName":"search_term_string"}}],"inLanguage":"fr-FR"}]}},"_links":{"self":[{"href":"https:\/\/staging.innovatest-europe.com\/fr\/wp-json\/wp\/v2\/pages\/88032","targetHints":{"allow":["GET"]}}],"collection":[{"href":"https:\/\/staging.innovatest-europe.com\/fr\/wp-json\/wp\/v2\/pages"}],"about":[{"href":"https:\/\/staging.innovatest-europe.com\/fr\/wp-json\/wp\/v2\/types\/page"}],"author":[{"embeddable":true,"href":"https:\/\/staging.innovatest-europe.com\/fr\/wp-json\/wp\/v2\/users\/7"}],"replies":[{"embeddable":true,"href":"https:\/\/staging.innovatest-europe.com\/fr\/wp-json\/wp\/v2\/comments?post=88032"}],"version-history":[{"count":3,"href":"https:\/\/staging.innovatest-europe.com\/fr\/wp-json\/wp\/v2\/pages\/88032\/revisions"}],"predecessor-version":[{"id":98231,"href":"https:\/\/staging.innovatest-europe.com\/fr\/wp-json\/wp\/v2\/pages\/88032\/revisions\/98231"}],"wp:attachment":[{"href":"https:\/\/staging.innovatest-europe.com\/fr\/wp-json\/wp\/v2\/media?parent=88032"}],"curies":[{"name":"wp","href":"https:\/\/api.w.org\/{rel}","templated":true}]}}