{"id":88967,"date":"2020-08-04T10:42:55","date_gmt":"2020-08-04T08:42:55","guid":{"rendered":"https:\/\/staging.innovatest-europe.com\/universal\/"},"modified":"2022-07-11T10:25:59","modified_gmt":"2022-07-11T08:25:59","slug":"universel","status":"publish","type":"page","link":"https:\/\/staging.innovatest-europe.com\/fr\/universel\/","title":{"rendered":"Durom\u00e8tre Universel"},"content":{"rendered":"","protected":false},"excerpt":{"rendered":"","protected":false},"author":7,"featured_media":0,"parent":0,"menu_order":98,"comment_status":"closed","ping_status":"closed","template":"","meta":{"_acf_changed":false,"footnotes":""},"class_list":["post-88967","page","type-page","status-publish","hentry"],"acf":[],"yoast_head":"<!-- This site is optimized with the Yoast SEO plugin v27.0 - https:\/\/yoast.com\/product\/yoast-seo-wordpress\/ -->\n<title>Durom\u00e8tre Universel - INNOVATEST<\/title>\n<meta name=\"description\" content=\"Les durom\u00e8tres universels sont en fait des appareils hybrides permettant \u00e0 l\u2019utilisateur de r\u00e9aliser des essais de duret\u00e9Rockwell, Vickers et Brinell\" \/>\n<meta name=\"robots\" content=\"noindex, follow, max-snippet:-1, max-image-preview:large, max-video-preview:-1\" \/>\n<meta property=\"og:locale\" content=\"fr_FR\" \/>\n<meta property=\"og:type\" content=\"article\" \/>\n<meta property=\"og:title\" content=\"Durom\u00e8tre Universel - INNOVATEST\" \/>\n<meta property=\"og:description\" content=\"Les durom\u00e8tres universels sont en fait des appareils hybrides permettant \u00e0 l\u2019utilisateur de r\u00e9aliser des essais de duret\u00e9Rockwell, Vickers et Brinell\" \/>\n<meta property=\"og:url\" content=\"https:\/\/staging.innovatest-europe.com\/fr\/universel\/\" \/>\n<meta property=\"og:site_name\" content=\"INNOVATEST\" \/>\n<meta property=\"article:modified_time\" content=\"2022-07-11T08:25:59+00:00\" \/>\n<meta name=\"twitter:card\" content=\"summary_large_image\" \/>\n<script type=\"application\/ld+json\" class=\"yoast-schema-graph\">{\"@context\":\"https:\/\/schema.org\",\"@graph\":[{\"@type\":\"WebPage\",\"@id\":\"https:\/\/staging.innovatest-europe.com\/fr\/universel\/\",\"url\":\"https:\/\/staging.innovatest-europe.com\/fr\/universel\/\",\"name\":\"Durom\u00e8tre Universel - INNOVATEST\",\"isPartOf\":{\"@id\":\"https:\/\/staging.innovatest-europe.com\/fr\/#website\"},\"datePublished\":\"2020-08-04T08:42:55+00:00\",\"dateModified\":\"2022-07-11T08:25:59+00:00\",\"description\":\"Les durom\u00e8tres universels sont en fait des appareils hybrides permettant \u00e0 l\u2019utilisateur de r\u00e9aliser des essais de duret\u00e9Rockwell, Vickers et Brinell\",\"breadcrumb\":{\"@id\":\"https:\/\/staging.innovatest-europe.com\/fr\/universel\/#breadcrumb\"},\"inLanguage\":\"fr-FR\",\"potentialAction\":[{\"@type\":\"ReadAction\",\"target\":[\"https:\/\/staging.innovatest-europe.com\/fr\/universel\/\"]}]},{\"@type\":\"BreadcrumbList\",\"@id\":\"https:\/\/staging.innovatest-europe.com\/fr\/universel\/#breadcrumb\",\"itemListElement\":[{\"@type\":\"ListItem\",\"position\":1,\"name\":\"Home\",\"item\":\"https:\/\/www.innovatest-europe.com\/fr\/\"},{\"@type\":\"ListItem\",\"position\":2,\"name\":\"Durom\u00e8tre Universel\"}]},{\"@type\":\"WebSite\",\"@id\":\"https:\/\/staging.innovatest-europe.com\/fr\/#website\",\"url\":\"https:\/\/staging.innovatest-europe.com\/fr\/\",\"name\":\"INNOVATEST\",\"description\":\"\",\"potentialAction\":[{\"@type\":\"SearchAction\",\"target\":{\"@type\":\"EntryPoint\",\"urlTemplate\":\"https:\/\/staging.innovatest-europe.com\/fr\/?s={search_term_string}\"},\"query-input\":{\"@type\":\"PropertyValueSpecification\",\"valueRequired\":true,\"valueName\":\"search_term_string\"}}],\"inLanguage\":\"fr-FR\"}]}<\/script>\n<!-- \/ Yoast SEO plugin. -->","yoast_head_json":{"title":"Durom\u00e8tre Universel - INNOVATEST","description":"Les durom\u00e8tres universels sont en fait des appareils hybrides permettant \u00e0 l\u2019utilisateur de r\u00e9aliser des essais de duret\u00e9Rockwell, Vickers et Brinell","robots":{"index":"noindex","follow":"follow","max-snippet":"max-snippet:-1","max-image-preview":"max-image-preview:large","max-video-preview":"max-video-preview:-1"},"og_locale":"fr_FR","og_type":"article","og_title":"Durom\u00e8tre Universel - INNOVATEST","og_description":"Les durom\u00e8tres universels sont en fait des appareils hybrides permettant \u00e0 l\u2019utilisateur de r\u00e9aliser des essais de duret\u00e9Rockwell, Vickers et Brinell","og_url":"https:\/\/staging.innovatest-europe.com\/fr\/universel\/","og_site_name":"INNOVATEST","article_modified_time":"2022-07-11T08:25:59+00:00","twitter_card":"summary_large_image","schema":{"@context":"https:\/\/schema.org","@graph":[{"@type":"WebPage","@id":"https:\/\/staging.innovatest-europe.com\/fr\/universel\/","url":"https:\/\/staging.innovatest-europe.com\/fr\/universel\/","name":"Durom\u00e8tre Universel - INNOVATEST","isPartOf":{"@id":"https:\/\/staging.innovatest-europe.com\/fr\/#website"},"datePublished":"2020-08-04T08:42:55+00:00","dateModified":"2022-07-11T08:25:59+00:00","description":"Les durom\u00e8tres universels sont en fait des appareils hybrides permettant \u00e0 l\u2019utilisateur de r\u00e9aliser des essais de duret\u00e9Rockwell, Vickers et Brinell","breadcrumb":{"@id":"https:\/\/staging.innovatest-europe.com\/fr\/universel\/#breadcrumb"},"inLanguage":"fr-FR","potentialAction":[{"@type":"ReadAction","target":["https:\/\/staging.innovatest-europe.com\/fr\/universel\/"]}]},{"@type":"BreadcrumbList","@id":"https:\/\/staging.innovatest-europe.com\/fr\/universel\/#breadcrumb","itemListElement":[{"@type":"ListItem","position":1,"name":"Home","item":"https:\/\/www.innovatest-europe.com\/fr\/"},{"@type":"ListItem","position":2,"name":"Durom\u00e8tre Universel"}]},{"@type":"WebSite","@id":"https:\/\/staging.innovatest-europe.com\/fr\/#website","url":"https:\/\/staging.innovatest-europe.com\/fr\/","name":"INNOVATEST","description":"","potentialAction":[{"@type":"SearchAction","target":{"@type":"EntryPoint","urlTemplate":"https:\/\/staging.innovatest-europe.com\/fr\/?s={search_term_string}"},"query-input":{"@type":"PropertyValueSpecification","valueRequired":true,"valueName":"search_term_string"}}],"inLanguage":"fr-FR"}]}},"_links":{"self":[{"href":"https:\/\/staging.innovatest-europe.com\/fr\/wp-json\/wp\/v2\/pages\/88967","targetHints":{"allow":["GET"]}}],"collection":[{"href":"https:\/\/staging.innovatest-europe.com\/fr\/wp-json\/wp\/v2\/pages"}],"about":[{"href":"https:\/\/staging.innovatest-europe.com\/fr\/wp-json\/wp\/v2\/types\/page"}],"author":[{"embeddable":true,"href":"https:\/\/staging.innovatest-europe.com\/fr\/wp-json\/wp\/v2\/users\/7"}],"replies":[{"embeddable":true,"href":"https:\/\/staging.innovatest-europe.com\/fr\/wp-json\/wp\/v2\/comments?post=88967"}],"version-history":[{"count":6,"href":"https:\/\/staging.innovatest-europe.com\/fr\/wp-json\/wp\/v2\/pages\/88967\/revisions"}],"predecessor-version":[{"id":133215,"href":"https:\/\/staging.innovatest-europe.com\/fr\/wp-json\/wp\/v2\/pages\/88967\/revisions\/133215"}],"wp:attachment":[{"href":"https:\/\/staging.innovatest-europe.com\/fr\/wp-json\/wp\/v2\/media?parent=88967"}],"curies":[{"name":"wp","href":"https:\/\/api.w.org\/{rel}","templated":true}]}}