{"id":38106,"date":"2019-06-25T14:31:28","date_gmt":"2019-06-25T12:31:28","guid":{"rendered":"https:\/\/staging.innovatest-europe.com\/company\/reference-industries\/"},"modified":"2020-05-26T11:30:55","modified_gmt":"2020-05-26T09:30:55","slug":"mozliwosci-zastosowania-branzach","status":"publish","type":"page","link":"https:\/\/staging.innovatest-europe.com\/pl\/firmie\/mozliwosci-zastosowania-branzach\/","title":{"rendered":"Mo\u017cliwo\u015bci zastosowania w bran\u017cach"},"content":{"rendered":"","protected":false},"excerpt":{"rendered":"","protected":false},"author":3,"featured_media":0,"parent":38098,"menu_order":276,"comment_status":"closed","ping_status":"closed","template":"","meta":{"_acf_changed":false,"footnotes":""},"class_list":["post-38106","page","type-page","status-publish","hentry"],"acf":[],"yoast_head":"<!-- This site is optimized with the Yoast SEO plugin v27.0 - https:\/\/yoast.com\/product\/yoast-seo-wordpress\/ -->\n<title>Mo\u017cliwo\u015bci zastosowania w bran\u017cach - INNOVATEST<\/title>\n<meta name=\"robots\" content=\"noindex, follow, max-snippet:-1, max-image-preview:large, max-video-preview:-1\" \/>\n<meta property=\"og:locale\" content=\"pl_PL\" \/>\n<meta property=\"og:type\" content=\"article\" \/>\n<meta property=\"og:title\" content=\"Mo\u017cliwo\u015bci zastosowania w bran\u017cach - INNOVATEST\" \/>\n<meta property=\"og:url\" content=\"https:\/\/staging.innovatest-europe.com\/pl\/firmie\/mozliwosci-zastosowania-branzach\/\" \/>\n<meta property=\"og:site_name\" content=\"INNOVATEST\" \/>\n<meta property=\"article:modified_time\" content=\"2020-05-26T09:30:55+00:00\" \/>\n<meta name=\"twitter:card\" content=\"summary_large_image\" \/>\n<script type=\"application\/ld+json\" class=\"yoast-schema-graph\">{\"@context\":\"https:\/\/schema.org\",\"@graph\":[{\"@type\":\"WebPage\",\"@id\":\"https:\/\/staging.innovatest-europe.com\/pl\/firmie\/mozliwosci-zastosowania-branzach\/\",\"url\":\"https:\/\/staging.innovatest-europe.com\/pl\/firmie\/mozliwosci-zastosowania-branzach\/\",\"name\":\"Mo\u017cliwo\u015bci zastosowania w bran\u017cach - INNOVATEST\",\"isPartOf\":{\"@id\":\"https:\/\/staging.innovatest-europe.com\/pl\/#website\"},\"datePublished\":\"2019-06-25T12:31:28+00:00\",\"dateModified\":\"2020-05-26T09:30:55+00:00\",\"breadcrumb\":{\"@id\":\"https:\/\/staging.innovatest-europe.com\/pl\/firmie\/mozliwosci-zastosowania-branzach\/#breadcrumb\"},\"inLanguage\":\"pl-PL\",\"potentialAction\":[{\"@type\":\"ReadAction\",\"target\":[\"https:\/\/staging.innovatest-europe.com\/pl\/firmie\/mozliwosci-zastosowania-branzach\/\"]}]},{\"@type\":\"BreadcrumbList\",\"@id\":\"https:\/\/staging.innovatest-europe.com\/pl\/firmie\/mozliwosci-zastosowania-branzach\/#breadcrumb\",\"itemListElement\":[{\"@type\":\"ListItem\",\"position\":1,\"name\":\"Home\",\"item\":\"https:\/\/www.innovatest-europe.com\/pl\/\"},{\"@type\":\"ListItem\",\"position\":2,\"name\":\"Firmie\",\"item\":\"https:\/\/www.innovatest-europe.com\/pl\/firmie\/\"},{\"@type\":\"ListItem\",\"position\":3,\"name\":\"Mo\u017cliwo\u015bci zastosowania w bran\u017cach\"}]},{\"@type\":\"WebSite\",\"@id\":\"https:\/\/staging.innovatest-europe.com\/pl\/#website\",\"url\":\"https:\/\/staging.innovatest-europe.com\/pl\/\",\"name\":\"INNOVATEST\",\"description\":\"\",\"potentialAction\":[{\"@type\":\"SearchAction\",\"target\":{\"@type\":\"EntryPoint\",\"urlTemplate\":\"https:\/\/staging.innovatest-europe.com\/pl\/?s={search_term_string}\"},\"query-input\":{\"@type\":\"PropertyValueSpecification\",\"valueRequired\":true,\"valueName\":\"search_term_string\"}}],\"inLanguage\":\"pl-PL\"}]}<\/script>\n<!-- \/ Yoast SEO plugin. -->","yoast_head_json":{"title":"Mo\u017cliwo\u015bci zastosowania w bran\u017cach - INNOVATEST","robots":{"index":"noindex","follow":"follow","max-snippet":"max-snippet:-1","max-image-preview":"max-image-preview:large","max-video-preview":"max-video-preview:-1"},"og_locale":"pl_PL","og_type":"article","og_title":"Mo\u017cliwo\u015bci zastosowania w bran\u017cach - INNOVATEST","og_url":"https:\/\/staging.innovatest-europe.com\/pl\/firmie\/mozliwosci-zastosowania-branzach\/","og_site_name":"INNOVATEST","article_modified_time":"2020-05-26T09:30:55+00:00","twitter_card":"summary_large_image","schema":{"@context":"https:\/\/schema.org","@graph":[{"@type":"WebPage","@id":"https:\/\/staging.innovatest-europe.com\/pl\/firmie\/mozliwosci-zastosowania-branzach\/","url":"https:\/\/staging.innovatest-europe.com\/pl\/firmie\/mozliwosci-zastosowania-branzach\/","name":"Mo\u017cliwo\u015bci zastosowania w bran\u017cach - INNOVATEST","isPartOf":{"@id":"https:\/\/staging.innovatest-europe.com\/pl\/#website"},"datePublished":"2019-06-25T12:31:28+00:00","dateModified":"2020-05-26T09:30:55+00:00","breadcrumb":{"@id":"https:\/\/staging.innovatest-europe.com\/pl\/firmie\/mozliwosci-zastosowania-branzach\/#breadcrumb"},"inLanguage":"pl-PL","potentialAction":[{"@type":"ReadAction","target":["https:\/\/staging.innovatest-europe.com\/pl\/firmie\/mozliwosci-zastosowania-branzach\/"]}]},{"@type":"BreadcrumbList","@id":"https:\/\/staging.innovatest-europe.com\/pl\/firmie\/mozliwosci-zastosowania-branzach\/#breadcrumb","itemListElement":[{"@type":"ListItem","position":1,"name":"Home","item":"https:\/\/www.innovatest-europe.com\/pl\/"},{"@type":"ListItem","position":2,"name":"Firmie","item":"https:\/\/www.innovatest-europe.com\/pl\/firmie\/"},{"@type":"ListItem","position":3,"name":"Mo\u017cliwo\u015bci zastosowania w bran\u017cach"}]},{"@type":"WebSite","@id":"https:\/\/staging.innovatest-europe.com\/pl\/#website","url":"https:\/\/staging.innovatest-europe.com\/pl\/","name":"INNOVATEST","description":"","potentialAction":[{"@type":"SearchAction","target":{"@type":"EntryPoint","urlTemplate":"https:\/\/staging.innovatest-europe.com\/pl\/?s={search_term_string}"},"query-input":{"@type":"PropertyValueSpecification","valueRequired":true,"valueName":"search_term_string"}}],"inLanguage":"pl-PL"}]}},"_links":{"self":[{"href":"https:\/\/staging.innovatest-europe.com\/pl\/wp-json\/wp\/v2\/pages\/38106","targetHints":{"allow":["GET"]}}],"collection":[{"href":"https:\/\/staging.innovatest-europe.com\/pl\/wp-json\/wp\/v2\/pages"}],"about":[{"href":"https:\/\/staging.innovatest-europe.com\/pl\/wp-json\/wp\/v2\/types\/page"}],"author":[{"embeddable":true,"href":"https:\/\/staging.innovatest-europe.com\/pl\/wp-json\/wp\/v2\/users\/3"}],"replies":[{"embeddable":true,"href":"https:\/\/staging.innovatest-europe.com\/pl\/wp-json\/wp\/v2\/comments?post=38106"}],"version-history":[{"count":2,"href":"https:\/\/staging.innovatest-europe.com\/pl\/wp-json\/wp\/v2\/pages\/38106\/revisions"}],"predecessor-version":[{"id":38108,"href":"https:\/\/staging.innovatest-europe.com\/pl\/wp-json\/wp\/v2\/pages\/38106\/revisions\/38108"}],"up":[{"embeddable":true,"href":"https:\/\/staging.innovatest-europe.com\/pl\/wp-json\/wp\/v2\/pages\/38098"}],"wp:attachment":[{"href":"https:\/\/staging.innovatest-europe.com\/pl\/wp-json\/wp\/v2\/media?parent=38106"}],"curies":[{"name":"wp","href":"https:\/\/api.w.org\/{rel}","templated":true}]}}