{"id":166683,"date":"2019-11-06T08:39:30","date_gmt":"2019-11-06T07:39:30","guid":{"rendered":"https:\/\/staging.innovatest-europe.com\/services\/installation-maintenance\/"},"modified":"2023-03-06T13:41:05","modified_gmt":"2023-03-06T12:41:05","slug":"instalacao-e-manutencao","status":"publish","type":"page","link":"https:\/\/staging.innovatest-europe.com\/pt-pt\/services\/instalacao-e-manutencao\/","title":{"rendered":"Instala\u00e7\u00e3o e Manuten\u00e7\u00e3o"},"content":{"rendered":"","protected":false},"excerpt":{"rendered":"","protected":false},"author":7,"featured_media":0,"parent":166672,"menu_order":142,"comment_status":"closed","ping_status":"closed","template":"","meta":{"_acf_changed":false,"footnotes":""},"class_list":["post-166683","page","type-page","status-publish","hentry"],"acf":[],"yoast_head":"<!-- This site is optimized with the Yoast SEO plugin v27.0 - https:\/\/yoast.com\/product\/yoast-seo-wordpress\/ -->\n<title>Instala\u00e7\u00e3o e Manuten\u00e7\u00e3o - INNOVATEST<\/title>\n<meta name=\"robots\" content=\"noindex, follow, max-snippet:-1, max-image-preview:large, max-video-preview:-1\" \/>\n<meta property=\"og:locale\" content=\"pt_PT\" \/>\n<meta property=\"og:type\" content=\"article\" \/>\n<meta property=\"og:title\" content=\"Instala\u00e7\u00e3o e Manuten\u00e7\u00e3o - INNOVATEST\" \/>\n<meta property=\"og:url\" content=\"https:\/\/staging.innovatest-europe.com\/pt-pt\/services\/instalacao-e-manutencao\/\" \/>\n<meta property=\"og:site_name\" content=\"INNOVATEST\" \/>\n<meta property=\"article:modified_time\" content=\"2023-03-06T12:41:05+00:00\" \/>\n<meta name=\"twitter:card\" content=\"summary_large_image\" \/>\n<script type=\"application\/ld+json\" class=\"yoast-schema-graph\">{\"@context\":\"https:\/\/schema.org\",\"@graph\":[{\"@type\":\"WebPage\",\"@id\":\"https:\/\/staging.innovatest-europe.com\/pt-pt\/services\/instalacao-e-manutencao\/\",\"url\":\"https:\/\/staging.innovatest-europe.com\/pt-pt\/services\/instalacao-e-manutencao\/\",\"name\":\"Instala\u00e7\u00e3o e Manuten\u00e7\u00e3o - INNOVATEST\",\"isPartOf\":{\"@id\":\"https:\/\/staging.innovatest-europe.com\/pt-pt\/#website\"},\"datePublished\":\"2019-11-06T07:39:30+00:00\",\"dateModified\":\"2023-03-06T12:41:05+00:00\",\"breadcrumb\":{\"@id\":\"https:\/\/staging.innovatest-europe.com\/pt-pt\/services\/instalacao-e-manutencao\/#breadcrumb\"},\"inLanguage\":\"pt-PT\",\"potentialAction\":[{\"@type\":\"ReadAction\",\"target\":[\"https:\/\/staging.innovatest-europe.com\/pt-pt\/services\/instalacao-e-manutencao\/\"]}]},{\"@type\":\"BreadcrumbList\",\"@id\":\"https:\/\/staging.innovatest-europe.com\/pt-pt\/services\/instalacao-e-manutencao\/#breadcrumb\",\"itemListElement\":[{\"@type\":\"ListItem\",\"position\":1,\"name\":\"Home\",\"item\":\"https:\/\/www.innovatest-europe.com\/pt-pt\/\"},{\"@type\":\"ListItem\",\"position\":2,\"name\":\"Servi\u00e7os\",\"item\":\"https:\/\/www.innovatest-europe.com\/pt-pt\/services\/\"},{\"@type\":\"ListItem\",\"position\":3,\"name\":\"Instala\u00e7\u00e3o e Manuten\u00e7\u00e3o\"}]},{\"@type\":\"WebSite\",\"@id\":\"https:\/\/staging.innovatest-europe.com\/pt-pt\/#website\",\"url\":\"https:\/\/staging.innovatest-europe.com\/pt-pt\/\",\"name\":\"INNOVATEST\",\"description\":\"\",\"potentialAction\":[{\"@type\":\"SearchAction\",\"target\":{\"@type\":\"EntryPoint\",\"urlTemplate\":\"https:\/\/staging.innovatest-europe.com\/pt-pt\/?s={search_term_string}\"},\"query-input\":{\"@type\":\"PropertyValueSpecification\",\"valueRequired\":true,\"valueName\":\"search_term_string\"}}],\"inLanguage\":\"pt-PT\"}]}<\/script>\n<!-- \/ Yoast SEO plugin. -->","yoast_head_json":{"title":"Instala\u00e7\u00e3o e Manuten\u00e7\u00e3o - INNOVATEST","robots":{"index":"noindex","follow":"follow","max-snippet":"max-snippet:-1","max-image-preview":"max-image-preview:large","max-video-preview":"max-video-preview:-1"},"og_locale":"pt_PT","og_type":"article","og_title":"Instala\u00e7\u00e3o e Manuten\u00e7\u00e3o - INNOVATEST","og_url":"https:\/\/staging.innovatest-europe.com\/pt-pt\/services\/instalacao-e-manutencao\/","og_site_name":"INNOVATEST","article_modified_time":"2023-03-06T12:41:05+00:00","twitter_card":"summary_large_image","schema":{"@context":"https:\/\/schema.org","@graph":[{"@type":"WebPage","@id":"https:\/\/staging.innovatest-europe.com\/pt-pt\/services\/instalacao-e-manutencao\/","url":"https:\/\/staging.innovatest-europe.com\/pt-pt\/services\/instalacao-e-manutencao\/","name":"Instala\u00e7\u00e3o e Manuten\u00e7\u00e3o - INNOVATEST","isPartOf":{"@id":"https:\/\/staging.innovatest-europe.com\/pt-pt\/#website"},"datePublished":"2019-11-06T07:39:30+00:00","dateModified":"2023-03-06T12:41:05+00:00","breadcrumb":{"@id":"https:\/\/staging.innovatest-europe.com\/pt-pt\/services\/instalacao-e-manutencao\/#breadcrumb"},"inLanguage":"pt-PT","potentialAction":[{"@type":"ReadAction","target":["https:\/\/staging.innovatest-europe.com\/pt-pt\/services\/instalacao-e-manutencao\/"]}]},{"@type":"BreadcrumbList","@id":"https:\/\/staging.innovatest-europe.com\/pt-pt\/services\/instalacao-e-manutencao\/#breadcrumb","itemListElement":[{"@type":"ListItem","position":1,"name":"Home","item":"https:\/\/www.innovatest-europe.com\/pt-pt\/"},{"@type":"ListItem","position":2,"name":"Servi\u00e7os","item":"https:\/\/www.innovatest-europe.com\/pt-pt\/services\/"},{"@type":"ListItem","position":3,"name":"Instala\u00e7\u00e3o e Manuten\u00e7\u00e3o"}]},{"@type":"WebSite","@id":"https:\/\/staging.innovatest-europe.com\/pt-pt\/#website","url":"https:\/\/staging.innovatest-europe.com\/pt-pt\/","name":"INNOVATEST","description":"","potentialAction":[{"@type":"SearchAction","target":{"@type":"EntryPoint","urlTemplate":"https:\/\/staging.innovatest-europe.com\/pt-pt\/?s={search_term_string}"},"query-input":{"@type":"PropertyValueSpecification","valueRequired":true,"valueName":"search_term_string"}}],"inLanguage":"pt-PT"}]}},"_links":{"self":[{"href":"https:\/\/staging.innovatest-europe.com\/pt-pt\/wp-json\/wp\/v2\/pages\/166683","targetHints":{"allow":["GET"]}}],"collection":[{"href":"https:\/\/staging.innovatest-europe.com\/pt-pt\/wp-json\/wp\/v2\/pages"}],"about":[{"href":"https:\/\/staging.innovatest-europe.com\/pt-pt\/wp-json\/wp\/v2\/types\/page"}],"author":[{"embeddable":true,"href":"https:\/\/staging.innovatest-europe.com\/pt-pt\/wp-json\/wp\/v2\/users\/7"}],"replies":[{"embeddable":true,"href":"https:\/\/staging.innovatest-europe.com\/pt-pt\/wp-json\/wp\/v2\/comments?post=166683"}],"version-history":[{"count":2,"href":"https:\/\/staging.innovatest-europe.com\/pt-pt\/wp-json\/wp\/v2\/pages\/166683\/revisions"}],"predecessor-version":[{"id":166685,"href":"https:\/\/staging.innovatest-europe.com\/pt-pt\/wp-json\/wp\/v2\/pages\/166683\/revisions\/166685"}],"up":[{"embeddable":true,"href":"https:\/\/staging.innovatest-europe.com\/pt-pt\/wp-json\/wp\/v2\/pages\/166672"}],"wp:attachment":[{"href":"https:\/\/staging.innovatest-europe.com\/pt-pt\/wp-json\/wp\/v2\/media?parent=166683"}],"curies":[{"name":"wp","href":"https:\/\/api.w.org\/{rel}","templated":true}]}}